{"id":5736,"date":"2022-01-17T14:54:41","date_gmt":"2022-01-17T14:54:41","guid":{"rendered":"https:\/\/otel.alansuites.com\/rezervasyon-yapin\/"},"modified":"2022-11-20T15:56:43","modified_gmt":"2022-11-20T15:56:43","slug":"reservation","status":"publish","type":"page","link":"https:\/\/otel.alansuites.com\/en\/reservation\/","title":{"rendered":"Reservation"},"content":{"rendered":"\t\t<div data-elementor-type=\"wp-page\" data-elementor-id=\"5736\" class=\"elementor elementor-5736 elementor-5546\" data-elementor-post-type=\"page\">\n\t\t\t\t\t\t<section class=\"elementor-section elementor-top-section elementor-element elementor-element-81f276b elementor-section-stretched elementor-section-height-min-height elementor-section-boxed elementor-section-height-default elementor-section-items-middle\" data-id=\"81f276b\" data-element_type=\"section\" data-settings=\"{&quot;stretch_section&quot;:&quot;section-stretched&quot;,&quot;background_background&quot;:&quot;classic&quot;}\">\n\t\t\t\t\t\t\t<div class=\"elementor-background-overlay\"><\/div>\n\t\t\t\t\t\t\t<div class=\"elementor-container elementor-column-gap-default\">\n\t\t\t\t\t<div class=\"elementor-column elementor-col-100 elementor-top-column elementor-element elementor-element-3ec79f8 translate_top\" data-id=\"3ec79f8\" data-element_type=\"column\">\n\t\t\t<div class=\"elementor-widget-wrap elementor-element-populated\">\n\t\t\t\t\t\t<div class=\"elementor-element elementor-element-0efa4c9 animated-fast elementor-invisible elementor-widget elementor-widget-heading\" data-id=\"0efa4c9\" data-element_type=\"widget\" data-settings=\"{&quot;_animation&quot;:&quot;fadeInUp&quot;,&quot;_animation_delay&quot;:200}\" data-widget_type=\"heading.default\">\n\t\t\t\t<div class=\"elementor-widget-container\">\n\t\t\t\t\t<h2 class=\"elementor-heading-title elementor-size-xxl\">RESERVATION<\/h2>\t\t\t\t<\/div>\n\t\t\t\t<\/div>\n\t\t\t\t\t<\/div>\n\t\t<\/div>\n\t\t\t\t\t<\/div>\n\t\t<\/section>\n\t\t\t\t<section class=\"elementor-section elementor-top-section elementor-element elementor-element-0082a68 elementor-section-boxed elementor-section-height-default elementor-section-height-default\" data-id=\"0082a68\" data-element_type=\"section\">\n\t\t\t\t\t\t<div class=\"elementor-container elementor-column-gap-default\">\n\t\t\t\t\t<div class=\"elementor-column elementor-col-100 elementor-top-column elementor-element elementor-element-214a20f\" data-id=\"214a20f\" data-element_type=\"column\">\n\t\t\t<div class=\"elementor-widget-wrap\">\n\t\t\t\t\t\t\t<\/div>\n\t\t<\/div>\n\t\t\t\t\t<\/div>\n\t\t<\/section>\n\t\t\t\t<section class=\"elementor-section elementor-top-section elementor-element elementor-element-4e525e1 elementor-section-boxed elementor-section-height-default elementor-section-height-default\" data-id=\"4e525e1\" data-element_type=\"section\">\n\t\t\t\t\t\t<div class=\"elementor-container elementor-column-gap-default\">\n\t\t\t\t\t<div class=\"elementor-column elementor-col-100 elementor-top-column elementor-element elementor-element-e29a9ed\" data-id=\"e29a9ed\" data-element_type=\"column\">\n\t\t\t<div class=\"elementor-widget-wrap elementor-element-populated\">\n\t\t\t\t\t\t<div class=\"elementor-element elementor-element-c4191f4 elementor-widget elementor-widget-html\" data-id=\"c4191f4\" data-element_type=\"widget\" data-widget_type=\"html.default\">\n\t\t\t\t<div class=\"elementor-widget-container\">\n\t\t\t\t\t<script>\r\nvar grouphotels = false;\r\nvar widgeturl = \"https:\/\/alan.rezervasyonal.com\";\r\nvar defaultadultcount = 3; \/\/ Default Yeti\u015fkin Say\u0131s\u0131\r\nvar maxchild = 2; \/\/ Maximum \u00c7ocuk Say\u0131s\u0131\r\nvar maxchildage = [5,8]; \/\/ya\u015f aral\u0131\u011f\u0131. var maxchildage = 8; ya\u015f aral\u0131\u011f\u0131 0 - 8 ya\u015f aras\u0131 olacakt\u0131r. \r\nvar maxadult = 5; \/\/ Maximum Yeti\u015fkin Say\u0131s\u0131\r\nvar mainWidget = true;\r\nvar exitWidget = false;\r\nvar currency = \"TRY\"; \/\/ Para Birimi \r\nvar lang = \"en\"; \/\/ \"tr\" veya \"en\"\r\n<\/script>\r\n<script src=\"https:\/\/www.rezervasyonal.com\/widget\/widgetbar\/assets\/widget.js\"><\/script>\r\n<div id=\"elektraweb-widget-area\"><\/div>\r\n\r\n\r\n\r\n<style>\r\n.elektraweb-widget {\r\n    font-family: Helvetica,Sans-serif !important;\r\n    font-weight: bold !important\r\n}\r\n\r\n    .elektraweb-formGroup {\r\n    margin: 10px auto;\r\n    width: 50% !important;\r\n    padding: 30px 5px 30px 5px !important;\r\n    border-bottom: 1px solid #e5e5e5;\r\n}\r\n\r\n\r\n .elektraweb-formGroup:nth-child(5) {\r\n    width: 100% !important;\r\n    border-bottom: none !important;\r\n}\r\n\r\n.elektraweb-widget {\r\n    box-shadow: none;\r\n}\r\n.elektraweb-formGroup input, .elektraweb-formGroup select {\r\n    \r\n    width: 100% !important;\r\n    \r\n}\r\n.elektraweb-formGroup #adult {\r\n    \r\n    width: 30% !important;\r\n    \r\n}\r\n.elektraweb-formGroup #child {\r\n    \r\n    width: 30% !important;\r\n    \r\n}\r\n\r\n\r\nbutton#widgetSubmit {\r\n    background-image: linear-gradient( #92278F 50%, #72BF44 50%) !important;\r\n    -webkit-transition: background-position 1s;\r\n    -moz-transition: background-position 1s;\r\n    transition: background-position 1s;\r\n    background-size: 100% 200%;\r\n    width: 100%;\r\n\r\n}\r\n\r\n.elektraweb-formGroup .pluscss {\r\n    background: #4F4F4F; \r\n    \r\n}\r\n\r\n\r\n\r\n<\/style>\t\t\t\t<\/div>\n\t\t\t\t<\/div>\n\t\t\t\t\t<\/div>\n\t\t<\/div>\n\t\t\t\t\t<\/div>\n\t\t<\/section>\n\t\t\t\t<\/div>\n\t\t","protected":false},"excerpt":{"rendered":"<p>RESERVATION<\/p>\n","protected":false},"author":1,"featured_media":0,"parent":0,"menu_order":0,"comment_status":"closed","ping_status":"closed","template":"","meta":{"footnotes":""},"_links":{"self":[{"href":"https:\/\/otel.alansuites.com\/en\/wp-json\/wp\/v2\/pages\/5736"}],"collection":[{"href":"https:\/\/otel.alansuites.com\/en\/wp-json\/wp\/v2\/pages"}],"about":[{"href":"https:\/\/otel.alansuites.com\/en\/wp-json\/wp\/v2\/types\/page"}],"author":[{"embeddable":true,"href":"https:\/\/otel.alansuites.com\/en\/wp-json\/wp\/v2\/users\/1"}],"replies":[{"embeddable":true,"href":"https:\/\/otel.alansuites.com\/en\/wp-json\/wp\/v2\/comments?post=5736"}],"version-history":[{"count":42,"href":"https:\/\/otel.alansuites.com\/en\/wp-json\/wp\/v2\/pages\/5736\/revisions"}],"predecessor-version":[{"id":7373,"href":"https:\/\/otel.alansuites.com\/en\/wp-json\/wp\/v2\/pages\/5736\/revisions\/7373"}],"wp:attachment":[{"href":"https:\/\/otel.alansuites.com\/en\/wp-json\/wp\/v2\/media?parent=5736"}],"curies":[{"name":"wp","href":"https:\/\/api.w.org\/{rel}","templated":true}]}}