{"id":4976,"date":"2021-11-23T09:29:48","date_gmt":"2021-11-23T09:29:48","guid":{"rendered":"https:\/\/otel.alansuites.com\/information-society-services\/"},"modified":"2022-02-10T16:14:48","modified_gmt":"2022-02-10T16:14:48","slug":"information-society-services","status":"publish","type":"page","link":"https:\/\/otel.alansuites.com\/en\/information-society-services\/","title":{"rendered":"Information Society Services"},"content":{"rendered":"\t\t<div data-elementor-type=\"wp-post\" data-elementor-id=\"4976\" class=\"elementor elementor-4976 elementor-3628\" data-elementor-post-type=\"page\">\n\t\t\t\t\t\t<section class=\"elementor-section elementor-top-section elementor-element elementor-element-d29c0d2 elementor-section-content-middle elementor-section-boxed elementor-section-height-default elementor-section-height-default\" data-id=\"d29c0d2\" data-element_type=\"section\">\n\t\t\t\t\t\t<div class=\"elementor-container elementor-column-gap-default\">\n\t\t\t\t\t<div class=\"elementor-column elementor-col-100 elementor-top-column elementor-element elementor-element-c5c49e1\" data-id=\"c5c49e1\" data-element_type=\"column\">\n\t\t\t<div class=\"elementor-widget-wrap elementor-element-populated\">\n\t\t\t\t\t\t<div class=\"elementor-element elementor-element-1813c7d elementor-widget elementor-widget-heading\" data-id=\"1813c7d\" data-element_type=\"widget\" data-widget_type=\"heading.default\">\n\t\t\t\t<div class=\"elementor-widget-container\">\n\t\t\t\t\t<h2 class=\"elementor-heading-title elementor-size-default\">Information Society Services<\/h2>\t\t\t\t<\/div>\n\t\t\t\t<\/div>\n\t\t\t\t\t<\/div>\n\t\t<\/div>\n\t\t\t\t\t<\/div>\n\t\t<\/section>\n\t\t\t\t<section class=\"elementor-section elementor-top-section elementor-element elementor-element-ebfe259 elementor-section-content-middle elementor-section-boxed elementor-section-height-default elementor-section-height-default\" data-id=\"ebfe259\" data-element_type=\"section\">\n\t\t\t\t\t\t<div class=\"elementor-container elementor-column-gap-default\">\n\t\t\t\t\t<div class=\"elementor-column elementor-col-100 elementor-top-column elementor-element elementor-element-b11893d\" data-id=\"b11893d\" data-element_type=\"column\">\n\t\t\t<div class=\"elementor-widget-wrap elementor-element-populated\">\n\t\t\t\t\t\t<div class=\"elementor-element elementor-element-0e2889e elementor-widget elementor-widget-text-editor\" data-id=\"0e2889e\" data-element_type=\"widget\" data-widget_type=\"text-editor.default\">\n\t\t\t\t<div class=\"elementor-widget-container\">\n\t\t\t\t\t\t\t\t\t<p>ALAN CONSTRUCTION<\/p><p>Company\u2019s: Mersis Number: 0048002559100015<br \/>Trade Name: Alan \u0130n\u015faat Turizm Tekstil Alternatif Sporlar Ve Spor Malzemeleri Ticaret Anonim \u015eirketi<br \/>Registered Address: Karayollar\u0131 Mah.563 Sok. No:1a\/3 Gaziosmanpa\u015fa\/\u0130stanbul<br \/>Amount of Subscribed and Paid Capital: TRY 1,500,000-<br \/>Chairman and Members of the Board of Directors:<br \/>Kerim G\u00f6zalan, Chairman of the Board of Directors<br \/>Furkan G\u00f6zalan, Deputy Chairman of the Board of Directors<br \/>Kerem G\u00f6zalan, Member of the Board of Directors<br \/>Names and Last Names of Directors in Limited Liability Companies<br \/>In the event a legal person is a member of the board of directors of an incorporated company or appointed as the director of a limited liability company, the information of the legal person<br \/>Appointed Auditor\u2019s Name and Last Name \/ Trade Name \/ Registered Address \/ Registered Branch, if any<br \/>CON-TEKS A.\u015e.<\/p><p>Mersis Number of the Company: 0211006170700016<br \/>Trade Name: Con-Teks \u0130\u00e7 Ve D\u0131\u015f Ticaret Anonim \u015eirketi<br \/>Registered Address: Karayollar\u0131 Mah.563 Sokak No.1a\/2 Gaziosmanpa\u015fa\/\u0130stanbul<br \/>Amount of Subscribed and Paid Capital: TRY 14,200,000<br \/>\u015e. Chairman and Members of the Board of Directors:<br \/>Kerim G\u00f6zalan, Chairman of the Board of Directors<br \/>Furkan G\u00f6zalan, Deputy Chairman of the Board of Directors<br \/>Kerem G\u00f6zalan, Member of the Board of Directors<br \/>Names and Last Names of Directors in Limited Liability Companies<br \/>In the event a legal person is a member of the board of directors of an incorporated company or appointed as the director of a limited liability company, the information of the legal person<br \/>Appointed Auditor\u2019s Name and Last Name \/ Trade Name \/ Registered Address \/ Registered Branch, if any<br \/>G\u00d6ZALAN Y\u00d6NET\u0130M A.\u015e.<\/p><p>Mersis Number of the Company: 0410071620700019<br \/>Trade Name: G\u00f6zalan Y\u00f6netim Dan\u0131\u015fmanl\u0131k Anonim \u015eirketi<br \/>Registered Address: Karayollar\u0131 563. No: No:1a\/1 Gaziosmanpa\u015fa\/\u0130stanbul<br \/>Amount of Subscribed and Paid Capital: TRY 50,000<br \/>\u015e. Chairman and Members of the Board of Directors:<br \/>Kerim G\u00f6zalan, Chairman of the Board of Directors<br \/>Furkan G\u00f6zalan, Deputy Chairman of the Board of Directors<br \/>Kerem G\u00f6zalan, Member of the Board of Directors<br \/>Ferhan G\u00f6zalan, Member of the Board of Directors<br \/>Names and Last Names of Directors in Limited Liability Companies<br \/>In the event a legal person is a member of the board of directors of an incorporated company or appointed as the director of a limited liability company, the information of the legal person<\/p>\t\t\t\t\t\t\t\t<\/div>\n\t\t\t\t<\/div>\n\t\t\t\t\t<\/div>\n\t\t<\/div>\n\t\t\t\t\t<\/div>\n\t\t<\/section>\n\t\t\t\t<\/div>\n\t\t","protected":false},"excerpt":{"rendered":"<p>ALAN CONSTRUCTION Company\u2019s: Mersis Number: 0048002559100015Trade Name: Alan \u0130n\u015faat Turizm Tekstil Alternatif Sporlar Ve Spor Malzemeleri Ticaret Anonim \u015eirketiRegistered Address: Karayollar\u0131 Mah.563 Sok. No:1a\/3 Gaziosmanpa\u015fa\/\u0130stanbulAmount of Subscribed and Paid Capital: TRY 1,500,000-Chairman and Members of the Board of Directors:Kerim G\u00f6zalan, [&hellip;]<\/p>\n","protected":false},"author":1,"featured_media":0,"parent":0,"menu_order":0,"comment_status":"closed","ping_status":"closed","template":"","meta":{"footnotes":""},"_links":{"self":[{"href":"https:\/\/otel.alansuites.com\/en\/wp-json\/wp\/v2\/pages\/4976"}],"collection":[{"href":"https:\/\/otel.alansuites.com\/en\/wp-json\/wp\/v2\/pages"}],"about":[{"href":"https:\/\/otel.alansuites.com\/en\/wp-json\/wp\/v2\/types\/page"}],"author":[{"embeddable":true,"href":"https:\/\/otel.alansuites.com\/en\/wp-json\/wp\/v2\/users\/1"}],"replies":[{"embeddable":true,"href":"https:\/\/otel.alansuites.com\/en\/wp-json\/wp\/v2\/comments?post=4976"}],"version-history":[{"count":4,"href":"https:\/\/otel.alansuites.com\/en\/wp-json\/wp\/v2\/pages\/4976\/revisions"}],"predecessor-version":[{"id":5961,"href":"https:\/\/otel.alansuites.com\/en\/wp-json\/wp\/v2\/pages\/4976\/revisions\/5961"}],"wp:attachment":[{"href":"https:\/\/otel.alansuites.com\/en\/wp-json\/wp\/v2\/media?parent=4976"}],"curies":[{"name":"wp","href":"https:\/\/api.w.org\/{rel}","templated":true}]}}